{"id":2658,"date":"2021-08-10T16:28:02","date_gmt":"2021-08-10T16:28:02","guid":{"rendered":"https:\/\/edupardo.com\/contacte\/"},"modified":"2021-09-30T17:00:09","modified_gmt":"2021-09-30T17:00:09","slug":"contacto","status":"publish","type":"page","link":"https:\/\/edupardo.com\/es\/contacto\/","title":{"rendered":"Contacto"},"content":{"rendered":"\t\t<div data-elementor-type=\"wp-page\" data-elementor-id=\"2658\" class=\"elementor elementor-2658 elementor-2071\">\n\t\t\t\t\t\t<section class=\"elementor-section elementor-top-section elementor-element elementor-element-a18536a elementor-section-boxed elementor-section-height-default elementor-section-height-default\" data-id=\"a18536a\" data-element_type=\"section\">\n\t\t\t\t\t\t<div class=\"elementor-container elementor-column-gap-default\">\n\t\t\t\t\t<div class=\"aux-parallax-section elementor-column elementor-col-33 elementor-top-column elementor-element elementor-element-b441126\" data-id=\"b441126\" data-element_type=\"column\">\n\t\t\t<div class=\"elementor-widget-wrap elementor-element-populated\">\n\t\t\t\t\t\t<div class=\"elementor-element elementor-element-7586a61 elementor-widget-tablet__width-inherit aux-appear-watch-animation aux-slide-from-bot elementor-widget elementor-widget-aux_modern_heading\" data-id=\"7586a61\" data-element_type=\"widget\" data-widget_type=\"aux_modern_heading.default\">\n\t\t\t\t<div class=\"elementor-widget-container\">\n\t\t\t<section class=\"aux-widget-modern-heading\">\n            <div class=\"aux-widget-inner\"><h3 class=\"aux-modern-heading-primary\">CONTACTO<\/h3><\/div>\n        <\/section>\t\t<\/div>\n\t\t\t\t<\/div>\n\t\t\t\t\t<\/div>\n\t\t<\/div>\n\t\t\t\t<div class=\"aux-parallax-section elementor-column elementor-col-33 elementor-top-column elementor-element elementor-element-72d09c3\" data-id=\"72d09c3\" data-element_type=\"column\">\n\t\t\t<div class=\"elementor-widget-wrap elementor-element-populated\">\n\t\t\t\t\t\t<div class=\"elementor-element elementor-element-6eedc64 aux-appear-watch-animation aux-scale-down-1 elementor-widget elementor-widget-aux_modern_heading\" data-id=\"6eedc64\" data-element_type=\"widget\" data-widget_type=\"aux_modern_heading.default\">\n\t\t\t\t<div class=\"elementor-widget-container\">\n\t\t\t<section class=\"aux-widget-modern-heading\">\n            <div class=\"aux-widget-inner\"><h2 class=\"aux-modern-heading-primary\">\u00bfTienes alg\u00fan proyecto en mente?<\/h2><div class=\"aux-modern-heading-description\"><p>\u00a1No te lo pienses m\u00e1s, env\u00edame un correo ahora mismo y empecemos a colaborar!<\/p><\/div><\/div>\n        <\/section>\t\t<\/div>\n\t\t\t\t<\/div>\n\t\t\t\t<div class=\"elementor-element elementor-element-423ca1b aux-appear-watch-animation aux-fade-in-up-2 elementor-widget elementor-widget-aux_contact_form\" data-id=\"423ca1b\" data-element_type=\"widget\" data-widget_type=\"aux_contact_form.default\">\n\t\t\t\t<div class=\"elementor-widget-container\">\n\t\t\t<section class=\"widget-container aux-widget-contact-form aux-parent-audd134430\">            <div class=\"aux-col-wrapper aux-no-gutter\">\n            <!-- @TODO - The output for element here -->\n\n            \n<div class=\"wpcf7 no-js\" id=\"wpcf7-f2857-o1\" lang=\"ca\" dir=\"ltr\">\n<div class=\"screen-reader-response\"><p role=\"status\" aria-live=\"polite\" aria-atomic=\"true\"><\/p> <ul><\/ul><\/div>\n<form action=\"\/es\/wp-json\/wp\/v2\/pages\/2658#wpcf7-f2857-o1\" method=\"post\" class=\"wpcf7-form init\" aria-label=\"Formulari de contacte\" novalidate=\"novalidate\" data-status=\"init\">\n<div style=\"display: none;\">\n<input type=\"hidden\" name=\"_wpcf7\" value=\"2857\" \/>\n<input type=\"hidden\" name=\"_wpcf7_version\" value=\"5.9.3\" \/>\n<input type=\"hidden\" name=\"_wpcf7_locale\" value=\"ca\" \/>\n<input type=\"hidden\" name=\"_wpcf7_unit_tag\" value=\"wpcf7-f2857-o1\" \/>\n<input type=\"hidden\" name=\"_wpcf7_container_post\" value=\"0\" \/>\n<input type=\"hidden\" name=\"_wpcf7_posted_data_hash\" value=\"\" \/>\n<input type=\"hidden\" name=\"_wpcf7_recaptcha_response\" value=\"\" \/>\n<\/div>\n<div class=\"aux-nextto\">\n\t<p><span class=\"wpcf7-form-control-wrap\" data-name=\"your-name\"><input size=\"40\" class=\"wpcf7-form-control wpcf7-text wpcf7-validates-as-required\" aria-required=\"true\" aria-invalid=\"false\" placeholder=\"Nombre\" value=\"\" type=\"text\" name=\"your-name\" \/><\/span><br \/>\n<span class=\"wpcf7-form-control-wrap\" data-name=\"your-phone\"><input size=\"40\" class=\"wpcf7-form-control wpcf7-text wpcf7-validates-as-required\" aria-required=\"true\" aria-invalid=\"false\" placeholder=\"Tel\u00e9fono\" value=\"\" type=\"text\" name=\"your-phone\" \/><\/span>\n\t<\/p>\n<\/div>\n<p><span class=\"wpcf7-form-control-wrap\" data-name=\"your-email\"><input size=\"40\" class=\"wpcf7-form-control wpcf7-email wpcf7-validates-as-required wpcf7-text wpcf7-validates-as-email\" aria-required=\"true\" aria-invalid=\"false\" placeholder=\"Correo\" value=\"\" type=\"email\" name=\"your-email\" \/><\/span><br \/>\n<span class=\"wpcf7-form-control-wrap\" data-name=\"your-message\"><textarea cols=\"40\" rows=\"10\" class=\"wpcf7-form-control wpcf7-textarea wpcf7-validates-as-required\" aria-required=\"true\" aria-invalid=\"false\" placeholder=\"Cu\u00e9ntame tu proyecto\" name=\"your-message\"><\/textarea><\/span><br \/>\n<input class=\"wpcf7-form-control wpcf7-submit has-spinner\" type=\"submit\" value=\"Env\u00eda\" \/>\n<\/p><div class=\"wpcf7-response-output\" aria-hidden=\"true\"><\/div>\n<\/form>\n<\/div>\n\n\n            <\/div><!-- aux-col-wrapper -->\n    <\/section><!-- widget-container -->\t\t<\/div>\n\t\t\t\t<\/div>\n\t\t\t\t\t<\/div>\n\t\t<\/div>\n\t\t\t\t<div class=\"aux-parallax-section elementor-column elementor-col-33 elementor-top-column elementor-element elementor-element-be5b844\" data-id=\"be5b844\" data-element_type=\"column\">\n\t\t\t<div class=\"elementor-widget-wrap elementor-element-populated\">\n\t\t\t\t\t\t<div class=\"elementor-element elementor-element-1eb5c8b elementor-widget elementor-widget-google_maps\" data-id=\"1eb5c8b\" data-element_type=\"widget\" data-widget_type=\"google_maps.default\">\n\t\t\t\t<div class=\"elementor-widget-container\">\n\t\t\t<style>\/*! elementor - v3.20.0 - 26-03-2024 *\/\n.elementor-widget-google_maps .elementor-widget-container{overflow:hidden}.elementor-widget-google_maps .elementor-custom-embed{line-height:0}.elementor-widget-google_maps iframe{height:300px}<\/style>\t\t<div class=\"elementor-custom-embed\">\n\t\t\t<iframe loading=\"lazy\"\n\t\t\t\t\tsrc=\"https:\/\/maps.google.com\/maps?q=Ramon%20y%20Cajal%2035%20Bellpuig&#038;t=m&#038;z=10&#038;output=embed&#038;iwloc=near\"\n\t\t\t\t\ttitle=\"Ramon y Cajal 35 Bellpuig\"\n\t\t\t\t\taria-label=\"Ramon y Cajal 35 Bellpuig\"\n\t\t\t><\/iframe>\n\t\t<\/div>\n\t\t\t\t<\/div>\n\t\t\t\t<\/div>\n\t\t\t\t<section class=\"elementor-section elementor-inner-section elementor-element elementor-element-28001fd elementor-section-boxed elementor-section-height-default elementor-section-height-default\" data-id=\"28001fd\" data-element_type=\"section\">\n\t\t\t\t\t\t<div class=\"elementor-container elementor-column-gap-no\">\n\t\t\t\t\t<div class=\"aux-parallax-section elementor-column elementor-col-50 elementor-inner-column elementor-element elementor-element-b5d4bae\" data-id=\"b5d4bae\" data-element_type=\"column\">\n\t\t\t<div class=\"elementor-widget-wrap elementor-element-populated\">\n\t\t\t\t\t\t<div class=\"elementor-element elementor-element-292a73a elementor-widget__width-auto aux-appear-watch-animation aux-fade-in-left-1 elementor-widget elementor-widget-aux_text\" data-id=\"292a73a\" data-element_type=\"widget\" data-widget_type=\"aux_text.default\">\n\t\t\t\t<div class=\"elementor-widget-container\">\n\t\t\t<section class=\"widget-container aux-widget-text aux-parent-aucd061797\">        <div class=\"aux-widget-advanced-text aux-wrap-style-simple aux-ico-pos-top aux-text-left aux-text-resp- aux-text-color-dark aux-text-widget-bg-center  \" >\n        \n            \n            <div class=\"aux-text-inner aux-text-widget-content\">\n                                <h4 class=\"col-title\">Tel\u00e9fono:<\/h4>\n                                <div class=\"widget-content\">\n                                        <a href=\"tel:692735577\">+34 692 73 55 77<\/a href=\"tel:692735577\"><\/a>                <\/div>\n                            <\/div>\n        <\/div>\n                    <div class=\"aux-text-widget-footer\">\n                <div class=\"aux-border-shape-none \">\n                                <\/div>\n            <\/div>\n        \n<\/section><!-- widget-container -->\t\t<\/div>\n\t\t\t\t<\/div>\n\t\t\t\t\t<\/div>\n\t\t<\/div>\n\t\t\t\t<div class=\"aux-parallax-section elementor-column elementor-col-50 elementor-inner-column elementor-element elementor-element-04dfb38\" data-id=\"04dfb38\" data-element_type=\"column\">\n\t\t\t<div class=\"elementor-widget-wrap elementor-element-populated\">\n\t\t\t\t\t\t<div class=\"elementor-element elementor-element-633964b elementor-widget__width-auto aux-appear-watch-animation aux-fade-in-right-1 elementor-widget elementor-widget-aux_text\" data-id=\"633964b\" data-element_type=\"widget\" data-widget_type=\"aux_text.default\">\n\t\t\t\t<div class=\"elementor-widget-container\">\n\t\t\t<section class=\"widget-container aux-widget-text aux-parent-au11cb38cb\">        <div class=\"aux-widget-advanced-text aux-wrap-style-simple aux-ico-pos-top aux-text-left aux-text-resp- aux-text-color-dark aux-text-widget-bg-center  \" >\n        \n            \n            <div class=\"aux-text-inner aux-text-widget-content\">\n                                <h4 class=\"col-title\">Correo:<\/h4>\n                                <div class=\"widget-content\">\n                                        <a href=\"mailto:edufarreoros@gmail.com\">edufarreoros@gmail.com<\/a>                <\/div>\n                            <\/div>\n        <\/div>\n                    <div class=\"aux-text-widget-footer\">\n                <div class=\"aux-border-shape-none \">\n                                <\/div>\n            <\/div>\n        \n<\/section><!-- widget-container -->\t\t<\/div>\n\t\t\t\t<\/div>\n\t\t\t\t\t<\/div>\n\t\t<\/div>\n\t\t\t\t\t<\/div>\n\t\t<\/section>\n\t\t\t\t\t<\/div>\n\t\t<\/div>\n\t\t\t\t\t<\/div>\n\t\t<\/section>\n\t\t\t\t<\/div>\n\t\t","protected":false},"excerpt":{"rendered":"<p>CONTACTO \u00bfTienes alg\u00fan proyecto en mente? \u00a1No te lo pienses m\u00e1s, env\u00edame un correo ahora mismo y empecemos a colaborar! Tel\u00e9fono: +34 692 73 55 77 Correo: edufarreoros@gmail.com<\/p>\n","protected":false},"author":1,"featured_media":0,"parent":0,"menu_order":0,"comment_status":"closed","ping_status":"closed","template":"templates\/page-builder-content.php","meta":{"ngg_post_thumbnail":0,"footnotes":""},"class_list":["post-2658","page","type-page","status-publish","hentry"],"yoast_head":"<!-- This site is optimized with the Yoast SEO plugin v22.4 - https:\/\/yoast.com\/wordpress\/plugins\/seo\/ -->\n<title>Contacto - EduPardo<\/title>\n<meta name=\"description\" content=\"CONTACTO              \u00bfTienes alg\u00fan proyecto en mente?\u00a1No te lo pienses m\u00e1s, env\u00edame un correo ahora mismo y empecemos a colaborar!                                                              Tel\u00e9fono:                     +34 692 73 55 77                                Correo:                     edufarreoros@gmail.com\" \/>\n<meta name=\"robots\" content=\"index, follow, max-snippet:-1, max-image-preview:large, max-video-preview:-1\" \/>\n<link rel=\"canonical\" href=\"https:\/\/edupardo.com\/es\/contacto\/\" \/>\n<meta property=\"og:locale\" content=\"es_ES\" \/>\n<meta property=\"og:type\" content=\"article\" \/>\n<meta property=\"og:title\" content=\"Contacto - EduPardo\" \/>\n<meta property=\"og:description\" content=\"CONTACTO              \u00bfTienes alg\u00fan proyecto en mente?\u00a1No te lo pienses m\u00e1s, env\u00edame un correo ahora mismo y empecemos a colaborar!                                                              Tel\u00e9fono:                     +34 692 73 55 77                                Correo:                     edufarreoros@gmail.com\" \/>\n<meta property=\"og:url\" content=\"https:\/\/edupardo.com\/es\/contacto\/\" \/>\n<meta property=\"og:site_name\" content=\"EduPardo\" \/>\n<meta property=\"article:modified_time\" content=\"2021-09-30T17:00:09+00:00\" \/>\n<meta name=\"twitter:card\" content=\"summary_large_image\" \/>\n<script type=\"application\/ld+json\" class=\"yoast-schema-graph\">{\"@context\":\"https:\/\/schema.org\",\"@graph\":[{\"@type\":\"WebPage\",\"@id\":\"https:\/\/edupardo.com\/es\/contacto\/\",\"url\":\"https:\/\/edupardo.com\/es\/contacto\/\",\"name\":\"Contacto - EduPardo\",\"isPartOf\":{\"@id\":\"https:\/\/edupardo.com\/es\/#website\"},\"datePublished\":\"2021-08-10T16:28:02+00:00\",\"dateModified\":\"2021-09-30T17:00:09+00:00\",\"description\":\"CONTACTO \u00bfTienes alg\u00fan proyecto en mente?\u00a1No te lo pienses m\u00e1s, env\u00edame un correo ahora mismo y empecemos a colaborar! Tel\u00e9fono: +34 692 73 55 77 Correo: edufarreoros@gmail.com\",\"breadcrumb\":{\"@id\":\"https:\/\/edupardo.com\/es\/contacto\/#breadcrumb\"},\"inLanguage\":\"es\",\"potentialAction\":[{\"@type\":\"ReadAction\",\"target\":[\"https:\/\/edupardo.com\/es\/contacto\/\"]}]},{\"@type\":\"BreadcrumbList\",\"@id\":\"https:\/\/edupardo.com\/es\/contacto\/#breadcrumb\",\"itemListElement\":[{\"@type\":\"ListItem\",\"position\":1,\"name\":\"Inici\",\"item\":\"https:\/\/edupardo.com\/es\/\"},{\"@type\":\"ListItem\",\"position\":2,\"name\":\"Contacto\"}]},{\"@type\":\"WebSite\",\"@id\":\"https:\/\/edupardo.com\/es\/#website\",\"url\":\"https:\/\/edupardo.com\/es\/\",\"name\":\"EduPardo\",\"description\":\"Eduard Farr\u00e9, Director d&#039;Art Creatiu\",\"publisher\":{\"@id\":\"https:\/\/edupardo.com\/es\/#organization\"},\"potentialAction\":[{\"@type\":\"SearchAction\",\"target\":{\"@type\":\"EntryPoint\",\"urlTemplate\":\"https:\/\/edupardo.com\/es\/?s={search_term_string}\"},\"query-input\":\"required name=search_term_string\"}],\"inLanguage\":\"es\"},{\"@type\":\"Organization\",\"@id\":\"https:\/\/edupardo.com\/es\/#organization\",\"name\":\"EduPardo\",\"url\":\"https:\/\/edupardo.com\/es\/\",\"logo\":{\"@type\":\"ImageObject\",\"inLanguage\":\"es\",\"@id\":\"https:\/\/edupardo.com\/es\/#\/schema\/logo\/image\/\",\"url\":\"https:\/\/i0.wp.com\/edupardo.com\/wp-content\/uploads\/2024\/03\/cropped-Logo-web-nou-1.png?fit=146%2C89&ssl=1\",\"contentUrl\":\"https:\/\/i0.wp.com\/edupardo.com\/wp-content\/uploads\/2024\/03\/cropped-Logo-web-nou-1.png?fit=146%2C89&ssl=1\",\"width\":146,\"height\":89,\"caption\":\"EduPardo\"},\"image\":{\"@id\":\"https:\/\/edupardo.com\/es\/#\/schema\/logo\/image\/\"}}]}<\/script>\n<!-- \/ Yoast SEO plugin. -->","yoast_head_json":{"title":"Contacto - EduPardo","description":"CONTACTO              \u00bfTienes alg\u00fan proyecto en mente?\u00a1No te lo pienses m\u00e1s, env\u00edame un correo ahora mismo y empecemos a colaborar!                                                              Tel\u00e9fono:                     +34 692 73 55 77                                Correo:                     edufarreoros@gmail.com","robots":{"index":"index","follow":"follow","max-snippet":"max-snippet:-1","max-image-preview":"max-image-preview:large","max-video-preview":"max-video-preview:-1"},"canonical":"https:\/\/edupardo.com\/es\/contacto\/","og_locale":"es_ES","og_type":"article","og_title":"Contacto - EduPardo","og_description":"CONTACTO              \u00bfTienes alg\u00fan proyecto en mente?\u00a1No te lo pienses m\u00e1s, env\u00edame un correo ahora mismo y empecemos a colaborar!                                                              Tel\u00e9fono:                     +34 692 73 55 77                                Correo:                     edufarreoros@gmail.com","og_url":"https:\/\/edupardo.com\/es\/contacto\/","og_site_name":"EduPardo","article_modified_time":"2021-09-30T17:00:09+00:00","twitter_card":"summary_large_image","schema":{"@context":"https:\/\/schema.org","@graph":[{"@type":"WebPage","@id":"https:\/\/edupardo.com\/es\/contacto\/","url":"https:\/\/edupardo.com\/es\/contacto\/","name":"Contacto - EduPardo","isPartOf":{"@id":"https:\/\/edupardo.com\/es\/#website"},"datePublished":"2021-08-10T16:28:02+00:00","dateModified":"2021-09-30T17:00:09+00:00","description":"CONTACTO \u00bfTienes alg\u00fan proyecto en mente?\u00a1No te lo pienses m\u00e1s, env\u00edame un correo ahora mismo y empecemos a colaborar! Tel\u00e9fono: +34 692 73 55 77 Correo: edufarreoros@gmail.com","breadcrumb":{"@id":"https:\/\/edupardo.com\/es\/contacto\/#breadcrumb"},"inLanguage":"es","potentialAction":[{"@type":"ReadAction","target":["https:\/\/edupardo.com\/es\/contacto\/"]}]},{"@type":"BreadcrumbList","@id":"https:\/\/edupardo.com\/es\/contacto\/#breadcrumb","itemListElement":[{"@type":"ListItem","position":1,"name":"Inici","item":"https:\/\/edupardo.com\/es\/"},{"@type":"ListItem","position":2,"name":"Contacto"}]},{"@type":"WebSite","@id":"https:\/\/edupardo.com\/es\/#website","url":"https:\/\/edupardo.com\/es\/","name":"EduPardo","description":"Eduard Farr\u00e9, Director d&#039;Art Creatiu","publisher":{"@id":"https:\/\/edupardo.com\/es\/#organization"},"potentialAction":[{"@type":"SearchAction","target":{"@type":"EntryPoint","urlTemplate":"https:\/\/edupardo.com\/es\/?s={search_term_string}"},"query-input":"required name=search_term_string"}],"inLanguage":"es"},{"@type":"Organization","@id":"https:\/\/edupardo.com\/es\/#organization","name":"EduPardo","url":"https:\/\/edupardo.com\/es\/","logo":{"@type":"ImageObject","inLanguage":"es","@id":"https:\/\/edupardo.com\/es\/#\/schema\/logo\/image\/","url":"https:\/\/i0.wp.com\/edupardo.com\/wp-content\/uploads\/2024\/03\/cropped-Logo-web-nou-1.png?fit=146%2C89&ssl=1","contentUrl":"https:\/\/i0.wp.com\/edupardo.com\/wp-content\/uploads\/2024\/03\/cropped-Logo-web-nou-1.png?fit=146%2C89&ssl=1","width":146,"height":89,"caption":"EduPardo"},"image":{"@id":"https:\/\/edupardo.com\/es\/#\/schema\/logo\/image\/"}}]}},"jetpack_sharing_enabled":true,"_links":{"self":[{"href":"https:\/\/edupardo.com\/es\/wp-json\/wp\/v2\/pages\/2658","targetHints":{"allow":["GET"]}}],"collection":[{"href":"https:\/\/edupardo.com\/es\/wp-json\/wp\/v2\/pages"}],"about":[{"href":"https:\/\/edupardo.com\/es\/wp-json\/wp\/v2\/types\/page"}],"author":[{"embeddable":true,"href":"https:\/\/edupardo.com\/es\/wp-json\/wp\/v2\/users\/1"}],"replies":[{"embeddable":true,"href":"https:\/\/edupardo.com\/es\/wp-json\/wp\/v2\/comments?post=2658"}],"version-history":[{"count":10,"href":"https:\/\/edupardo.com\/es\/wp-json\/wp\/v2\/pages\/2658\/revisions"}],"predecessor-version":[{"id":2860,"href":"https:\/\/edupardo.com\/es\/wp-json\/wp\/v2\/pages\/2658\/revisions\/2860"}],"wp:attachment":[{"href":"https:\/\/edupardo.com\/es\/wp-json\/wp\/v2\/media?parent=2658"}],"curies":[{"name":"wp","href":"https:\/\/api.w.org\/{rel}","templated":true}]}}